{"id":27005,"date":"2024-03-28T12:48:11","date_gmt":"2024-03-28T12:48:11","guid":{"rendered":"https:\/\/amity.keydesign.xyz\/community\/?page_id=27005"},"modified":"2025-03-19T00:21:06","modified_gmt":"2025-03-19T00:21:06","slug":"terminos-de-uso","status":"publish","type":"page","link":"https:\/\/turismocuida.org\/en\/terminos-de-uso\/","title":{"rendered":"T\u00e9rminos de Uso"},"content":{"rendered":"<div data-elementor-type=\"wp-page\" data-elementor-id=\"27005\" class=\"elementor elementor-27005\" data-elementor-post-type=\"page\">\n\t\t\t\t<div class=\"elementor-element elementor-element-4418013 e-flex e-con-boxed e-con e-parent\" data-id=\"4418013\" data-element_type=\"container\" data-settings=\"{&quot;background_background&quot;:&quot;classic&quot;}\">\n\t\t\t\t\t<div class=\"e-con-inner\">\n\t\t\t\t\t<\/div>\n\t\t\t\t<\/div>\n\t\t<div class=\"elementor-element elementor-element-ace5412 e-con-full e-flex e-con e-parent\" data-id=\"ace5412\" data-element_type=\"container\" data-settings=\"{&quot;background_background&quot;:&quot;classic&quot;}\">\n\t\t\t\t<div class=\"elementor-element elementor-element-3a99a3a elementor-widget elementor-widget-elementskit-heading\" data-id=\"3a99a3a\" data-element_type=\"widget\" data-settings=\"{&quot;ekit_we_effect_on&quot;:&quot;css&quot;}\" data-widget_type=\"elementskit-heading.default\">\n\t\t\t\t<div class=\"elementor-widget-container\">\n\t\t\t\t\t<div class=\"ekit-wid-con\" ><div class=\"ekit-heading elementskit-section-title-wraper text_left   ekit_heading_tablet-   ekit_heading_mobile-\"><h1 class=\"ekit-heading--title elementskit-section-title\">Terms and Conditions of Use<\/h1><\/div><\/div>\t\t\t\t<\/div>\n\t\t\t\t<\/div>\n\t\t\t\t<\/div>\n\t\t<div class=\"elementor-element elementor-element-04896bd e-con-full e-flex e-con e-parent\" data-id=\"04896bd\" data-element_type=\"container\">\n\t\t\t\t<div class=\"elementor-element elementor-element-1a21dc9 elementor-widget elementor-widget-text-editor\" data-id=\"1a21dc9\" data-element_type=\"widget\" data-settings=\"{&quot;ekit_we_effect_on&quot;:&quot;none&quot;}\" data-widget_type=\"text-editor.default\">\n\t\t\t\t<div class=\"elementor-widget-container\">\n\t\t\t\t\t\t\t\t\t<p>Turismo Cuida is a non-governmental organization that promotes development projects in Peruvian communities. By accessing and using our website, you agree to the following terms and conditions:<\/p>\n<ol>\n<li><strong>Purpose and Use of the Site<\/strong> Our website provides information about our projects, directory members, news, collaboration opportunities, and an online store. Use of this website is for informational purposes and for participation in our programs and activities.<\/li>\n<li><strong>Registration and Memberships<\/strong> Para acceder a ciertas \u00e1reas de nuestra web, como la secci\u00f3n de miembros, necesitas registrarte y crear una cuenta. Te comprometes a proporcionar informaci\u00f3n veraz y actualizada. Eres responsable de mantener la confidencialidad de tu cuenta y contrase\u00f1a, as\u00ed como de todas las actividades que ocurran bajo tu cuenta.<\/li>\n<li><strong>Donations and Payments<\/strong> Donations and payments on our site are processed through a secure payment gateway. By making a donation, you agree that no refunds will be given once the transaction is completed, except in exceptional cases at the discretion of Turismo Cuida.<\/li>\n<li><strong>Intellectual Property<\/strong> All content on this website, including text, graphics, logos, images and software, is the property of Turismo Cuida or its licensors and is protected by intellectual property laws. You may not use, reproduce or distribute such content without our prior written permission.<\/li>\n<li><strong>Limitation of Liability<\/strong> Turismo Cuida shall not be liable for direct, indirect, incidental, special or consequential damages resulting from the use or inability to use our website or any content, services or products obtained through the site.<\/li>\n<li><strong>Applicable Law<\/strong> These terms and conditions shall be governed by and construed in accordance with the laws of Peru. Any dispute arising in connection with these terms shall be subject to the exclusive jurisdiction of the courts of Peru.<\/li>\n<li><strong>Modifications to the Terms<\/strong> Turismo Cuida reserves the right to modify these terms and conditions at any time. The modifications will be effective immediately after their publication on our website. We recommend you to review these terms periodically to be aware of any changes.<\/li>\n<\/ol>\n<p>For any questions or concerns regarding these terms and conditions, please contact us through the information provided in the contact section of our website.<\/p>\t\t\t\t\t\t\t\t<\/div>\n\t\t\t\t<\/div>\n\t\t\t\t<\/div>\n\t\t\t\t<\/div>","protected":false},"excerpt":{"rendered":"<p>T\u00e9rminos y Condiciones de Uso Turismo Cuida es una organizaci\u00f3n no gubernamental que promueve proyectos de desarrollo en comunidades peruanas. Al acceder y utilizar nuestra p\u00e1gina web, aceptas los siguientes t\u00e9rminos y condiciones: Prop\u00f3sito y Uso del Sitio Nuestra p\u00e1gina web proporciona informaci\u00f3n sobre nuestros proyectos, miembros del directorio, noticias, oportunidades de colaboraci\u00f3n, y una [&hellip;]<\/p>","protected":false},"author":1,"featured_media":0,"parent":0,"menu_order":0,"comment_status":"closed","ping_status":"closed","template":"","meta":{"_acf_changed":false,"give_campaign_id":0,"inline_featured_image":false,"footnotes":""},"class_list":["post-27005","page","type-page","status-publish","hentry"],"acf":[],"aioseo_notices":[],"campaignId":"","_links":{"self":[{"href":"https:\/\/turismocuida.org\/en\/wp-json\/wp\/v2\/pages\/27005","targetHints":{"allow":["GET"]}}],"collection":[{"href":"https:\/\/turismocuida.org\/en\/wp-json\/wp\/v2\/pages"}],"about":[{"href":"https:\/\/turismocuida.org\/en\/wp-json\/wp\/v2\/types\/page"}],"author":[{"embeddable":true,"href":"https:\/\/turismocuida.org\/en\/wp-json\/wp\/v2\/users\/1"}],"replies":[{"embeddable":true,"href":"https:\/\/turismocuida.org\/en\/wp-json\/wp\/v2\/comments?post=27005"}],"version-history":[{"count":43,"href":"https:\/\/turismocuida.org\/en\/wp-json\/wp\/v2\/pages\/27005\/revisions"}],"predecessor-version":[{"id":37258,"href":"https:\/\/turismocuida.org\/en\/wp-json\/wp\/v2\/pages\/27005\/revisions\/37258"}],"wp:attachment":[{"href":"https:\/\/turismocuida.org\/en\/wp-json\/wp\/v2\/media?parent=27005"}],"curies":[{"name":"wp","href":"https:\/\/api.w.org\/{rel}","templated":true}]}}