{"id":29853,"date":"2024-09-23T23:17:25","date_gmt":"2024-09-23T23:17:25","guid":{"rendered":"https:\/\/turismocuida.org\/?page_id=29853"},"modified":"2024-10-21T18:00:56","modified_gmt":"2024-10-21T18:00:56","slug":"sumate","status":"publish","type":"page","link":"https:\/\/turismocuida.org\/en\/sumate\/","title":{"rendered":"Join Us"},"content":{"rendered":"<div data-elementor-type=\"wp-page\" data-elementor-id=\"29853\" class=\"elementor elementor-29853\" data-elementor-post-type=\"page\">\n\t\t\t\t<div data-ekitparallax=\"{&quot;ekit_section_parallax_bg&quot;:&quot;yes&quot;,&quot;ekit_section_parallax_bg_speed&quot;:0.3,&quot;elementor_lazy_load&quot;:&quot;1&quot;}\" class=\"elementor-element elementor-element-eb80933 e-flex e-con-boxed e-con e-parent\" data-id=\"eb80933\" data-element_type=\"container\" data-settings=\"{&quot;background_background&quot;:&quot;classic&quot;}\">\n\t\t\t\t\t<div class=\"e-con-inner\">\n\t\t<div class=\"elementor-element elementor-element-65ced64 e-con-full e-flex e-con e-child\" data-id=\"65ced64\" data-element_type=\"container\">\n\t\t\t\t<div class=\"elementor-element elementor-element-f3186a3 elementor-align-left elementor-widget elementor-widget-elementskit-button\" data-id=\"f3186a3\" data-element_type=\"widget\" data-settings=\"{&quot;ekit_we_effect_on&quot;:&quot;none&quot;}\" data-widget_type=\"elementskit-button.default\">\n\t\t\t\t<div class=\"elementor-widget-container\">\n\t\t\t\t\t<div class=\"ekit-wid-con\" >\t\t<div class=\"ekit-btn-wraper\">\n\t\t\t\t\t\t\t<a href=\"https:\/\/turismocuida.org\/en\/sumate-miembros\/\" class=\"elementskit-btn  whitespace--normal\" id=\"\">\n\t\t\t\t\tI want to become a member\t\t\t\t<\/a>\n\t\t\t\t\t<\/div>\n        <\/div>\t\t\t\t<\/div>\n\t\t\t\t<\/div>\n\t\t\t\t<div class=\"elementor-element elementor-element-97b9f3d elementor-widget__width-initial elementor-widget-mobile__width-inherit elementor-widget elementor-widget-elementskit-heading\" data-id=\"97b9f3d\" data-element_type=\"widget\" data-settings=\"{&quot;ekit_we_effect_on&quot;:&quot;none&quot;}\" data-widget_type=\"elementskit-heading.default\">\n\t\t\t\t<div class=\"elementor-widget-container\">\n\t\t\t\t\t<div class=\"ekit-wid-con\" ><div class=\"ekit-heading elementskit-section-title-wraper text_left   ekit_heading_tablet-   ekit_heading_mobile-\"><h6 class=\"ekit-heading--title elementskit-section-title\">Become an<br> agent of change<\/h6><\/div><\/div>\t\t\t\t<\/div>\n\t\t\t\t<\/div>\n\t\t\t\t<\/div>\n\t\t\t\t\t<\/div>\n\t\t\t\t<\/div>\n\t\t<div class=\"elementor-element elementor-element-8c6f70c e-con-full e-flex e-con e-parent\" data-id=\"8c6f70c\" data-element_type=\"container\">\n\t\t<div class=\"elementor-element elementor-element-cd41fcc e-flex e-con-boxed e-con e-child\" data-id=\"cd41fcc\" data-element_type=\"container\">\n\t\t\t\t\t<div class=\"e-con-inner\">\n\t\t\t\t<div class=\"elementor-element elementor-element-0b71238 elementor-widget elementor-widget-image\" data-id=\"0b71238\" data-element_type=\"widget\" data-settings=\"{&quot;ekit_we_effect_on&quot;:&quot;none&quot;}\" data-widget_type=\"image.default\">\n\t\t\t\t<div class=\"elementor-widget-container\">\n\t\t\t\t\t\t\t\t\t\t\t\t\t\t\t<img fetchpriority=\"high\" decoding=\"async\" width=\"1024\" height=\"1024\" src=\"https:\/\/turismocuida.org\/wp-content\/uploads\/2024\/09\/TC_manosazules-2.svg\" class=\"attachment-large size-large wp-image-34334\" alt=\"\" \/>\t\t\t\t\t\t\t\t\t\t\t\t\t\t\t<\/div>\n\t\t\t\t<\/div>\n\t\t\t\t<div class=\"elementor-element elementor-element-f074661 elementor-widget elementor-widget-heading\" data-id=\"f074661\" data-element_type=\"widget\" data-settings=\"{&quot;ekit_we_effect_on&quot;:&quot;none&quot;}\" data-widget_type=\"heading.default\">\n\t\t\t\t<div class=\"elementor-widget-container\">\n\t\t\t\t\t<h4 class=\"elementor-heading-title elementor-size-default\">\u00a0\u00a0<\/h4>\t\t\t\t<\/div>\n\t\t\t\t<\/div>\n\t\t\t\t<div class=\"elementor-element elementor-element-f22b0e6 elementor-widget__width-initial elementor-widget-mobile__width-inherit elementor-widget elementor-widget-text-editor\" data-id=\"f22b0e6\" data-element_type=\"widget\" data-settings=\"{&quot;ekit_we_effect_on&quot;:&quot;none&quot;}\" data-widget_type=\"text-editor.default\">\n\t\t\t\t<div class=\"elementor-widget-container\">\n\t\t\t\t\t\t\t\t\t<p style=\"text-align: center;\">Tourism drives our world, and we are working to ensure its sustainable future. Through our annual membership plans, you can support a range of projects that benefit the environment and communities around them, allowing for a sustainable, viable tourism.<\/p>\t\t\t\t\t\t\t\t<\/div>\n\t\t\t\t<\/div>\n\t\t\t\t\t<\/div>\n\t\t\t\t<\/div>\n\t\t<div class=\"elementor-element elementor-element-d11271d e-con-full e-flex e-con e-child\" data-id=\"d11271d\" data-element_type=\"container\" data-settings=\"{&quot;background_background&quot;:&quot;classic&quot;}\">\n\t\t<div class=\"elementor-element elementor-element-d13ca81 e-con-full e-flex e-con e-child\" data-id=\"d13ca81\" data-element_type=\"container\" data-settings=\"{&quot;background_background&quot;:&quot;classic&quot;}\">\n\t\t<div class=\"elementor-element elementor-element-dd25cbb e-con-full animated-fast e-flex elementor-invisible e-con e-child\" data-id=\"dd25cbb\" data-element_type=\"container\" data-settings=\"{&quot;animation&quot;:&quot;fadeInUp&quot;,&quot;animation_delay&quot;:200,&quot;background_background&quot;:&quot;classic&quot;}\">\n\t\t<div class=\"elementor-element elementor-element-948f7f3 e-con-full e-flex e-con e-child\" data-id=\"948f7f3\" data-element_type=\"container\" data-settings=\"{&quot;background_background&quot;:&quot;classic&quot;}\">\n\t\t\t\t<div class=\"elementor-element elementor-element-9436e9b elementor-widget__width-initial elementor-widget-mobile__width-inherit bold elementor-widget elementor-widget-elementskit-heading\" data-id=\"9436e9b\" data-element_type=\"widget\" data-settings=\"{&quot;ekit_we_effect_on&quot;:&quot;none&quot;}\" data-widget_type=\"elementskit-heading.default\">\n\t\t\t\t<div class=\"elementor-widget-container\">\n\t\t\t\t\t<div class=\"ekit-wid-con\" ><div class=\"ekit-heading elementskit-section-title-wraper text_center   ekit_heading_tablet-   ekit_heading_mobile-text_center\">\t\t\t\t<div class='ekit-heading__description'>\n\t\t\t\t\t<p class=\"p1\">Be part of<\/p>\n<p class=\"p1\">the hands<\/p>\n<p class=\"p1\">that<\/p>\n<p class=\"p1\"><strong>help<\/strong><\/p>\n\t\t\t\t<\/div>\n\t\t\t<\/div><\/div>\t\t\t\t<\/div>\n\t\t\t\t<\/div>\n\t\t\t\t<div class=\"elementor-element elementor-element-291f945 elementor-align-center elementor-widget elementor-widget-elementskit-button\" data-id=\"291f945\" data-element_type=\"widget\" data-settings=\"{&quot;ekit_we_effect_on&quot;:&quot;none&quot;}\" data-widget_type=\"elementskit-button.default\">\n\t\t\t\t<div class=\"elementor-widget-container\">\n\t\t\t\t\t<div class=\"ekit-wid-con\" >\t\t<div class=\"ekit-btn-wraper\">\n\t\t\t\t\t\t\t<a href=\"https:\/\/turismocuida.org\/en\/sumate-voluntariado\/\" class=\"elementskit-btn  whitespace--normal\" id=\"\">\n\t\t\t\t\tVolunteering\t\t\t\t<\/a>\n\t\t\t\t\t<\/div>\n        <\/div>\t\t\t\t<\/div>\n\t\t\t\t<\/div>\n\t\t\t\t<\/div>\n\t\t<div class=\"elementor-element elementor-element-2762373 e-con-full e-flex e-con e-child\" data-id=\"2762373\" data-element_type=\"container\">\n\t\t\t\t<div class=\"elementor-element elementor-element-9c4aa52 elementor-widget__width-initial elementor-widget-mobile__width-inherit elementor-widget elementor-widget-elementskit-heading\" data-id=\"9c4aa52\" data-element_type=\"widget\" data-settings=\"{&quot;ekit_we_effect_on&quot;:&quot;none&quot;}\" data-widget_type=\"elementskit-heading.default\">\n\t\t\t\t<div class=\"elementor-widget-container\">\n\t\t\t\t\t<div class=\"ekit-wid-con\" ><div class=\"ekit-heading elementskit-section-title-wraper text_left   ekit_heading_tablet-   ekit_heading_mobile-text_left\">\t\t\t\t<div class='ekit-heading__description'>\n\t\t\t\t\t<p class=\"p1\">Turismo Cuida invites you to join our initiatives in key tourism areas. Connect to projects you feel passionately about and help foster sustainable development in Peru.<\/p>\n\t\t\t\t<\/div>\n\t\t\t<\/div><\/div>\t\t\t\t<\/div>\n\t\t\t\t<\/div>\n\t\t\t\t<\/div>\n\t\t\t\t<\/div>\n\t\t\t\t<\/div>\n\t\t\t\t<\/div>\n\t\t\t\t<\/div>\n\t\t\t\t<\/div>","protected":false},"excerpt":{"rendered":"<p>Quiero ser Miembro Convi\u00e9rtete en Agente de Cambio Turismo Cuida El turismo impulsa nuestro mundo, y nosotros llevamos el turismo hacia un futuro sostenible. A trav\u00e9s de nuestras membres\u00edas anuales, podr\u00e1s apoyar diversos proyectos que benefician al entorno y a sus comunidades, haciendo posible un turismo sustentable y sostenible. S\u00e9 parte de las manos que [&hellip;]<\/p>","protected":false},"author":1,"featured_media":0,"parent":0,"menu_order":0,"comment_status":"closed","ping_status":"closed","template":"","meta":{"_acf_changed":false,"give_campaign_id":0,"inline_featured_image":false,"footnotes":""},"class_list":["post-29853","page","type-page","status-publish","hentry"],"acf":[],"aioseo_notices":[],"campaignId":"","_links":{"self":[{"href":"https:\/\/turismocuida.org\/en\/wp-json\/wp\/v2\/pages\/29853","targetHints":{"allow":["GET"]}}],"collection":[{"href":"https:\/\/turismocuida.org\/en\/wp-json\/wp\/v2\/pages"}],"about":[{"href":"https:\/\/turismocuida.org\/en\/wp-json\/wp\/v2\/types\/page"}],"author":[{"embeddable":true,"href":"https:\/\/turismocuida.org\/en\/wp-json\/wp\/v2\/users\/1"}],"replies":[{"embeddable":true,"href":"https:\/\/turismocuida.org\/en\/wp-json\/wp\/v2\/comments?post=29853"}],"version-history":[{"count":305,"href":"https:\/\/turismocuida.org\/en\/wp-json\/wp\/v2\/pages\/29853\/revisions"}],"predecessor-version":[{"id":36265,"href":"https:\/\/turismocuida.org\/en\/wp-json\/wp\/v2\/pages\/29853\/revisions\/36265"}],"wp:attachment":[{"href":"https:\/\/turismocuida.org\/en\/wp-json\/wp\/v2\/media?parent=29853"}],"curies":[{"name":"wp","href":"https:\/\/api.w.org\/{rel}","templated":true}]}}