{"id":31466,"date":"2024-06-22T18:28:55","date_gmt":"2024-06-22T18:28:55","guid":{"rendered":"https:\/\/turismocuida.org\/?page_id=31466"},"modified":"2025-03-27T14:29:25","modified_gmt":"2025-03-27T14:29:25","slug":"blog","status":"publish","type":"page","link":"https:\/\/turismocuida.org\/en\/blog\/","title":{"rendered":"Blog"},"content":{"rendered":"<div data-elementor-type=\"wp-page\" data-elementor-id=\"31466\" class=\"elementor elementor-31466\" data-elementor-post-type=\"page\">\n\t\t\t\t<div class=\"elementor-element elementor-element-2f9551a8 e-con-full e-flex e-con e-parent\" data-id=\"2f9551a8\" data-element_type=\"container\" data-settings=\"{&quot;background_background&quot;:&quot;classic&quot;}\">\n\t\t<div data-ekitparallax=\"{&quot;ekit_section_parallax_bg&quot;:&quot;yes&quot;,&quot;ekit_section_parallax_bg_speed&quot;:0.3,&quot;elementor_lazy_load&quot;:&quot;1&quot;}\" class=\"elementor-element elementor-element-3de253f3 e-flex e-con-boxed e-con e-child\" data-id=\"3de253f3\" data-element_type=\"container\" data-settings=\"{&quot;background_background&quot;:&quot;classic&quot;}\">\n\t\t\t\t\t<div class=\"e-con-inner\">\n\t\t<div class=\"elementor-element elementor-element-525cd661 e-con-full e-flex e-con e-child\" data-id=\"525cd661\" data-element_type=\"container\">\n\t\t\t\t<div class=\"elementor-element elementor-element-6095ba92 elementor-widget__width-initial elementor-widget elementor-widget-elementskit-heading\" data-id=\"6095ba92\" data-element_type=\"widget\" data-settings=\"{&quot;ekit_we_effect_on&quot;:&quot;none&quot;}\" data-widget_type=\"elementskit-heading.default\">\n\t\t\t\t<div class=\"elementor-widget-container\">\n\t\t\t\t\t<div class=\"ekit-wid-con\" ><div class=\"ekit-heading elementskit-section-title-wraper text_center   ekit_heading_tablet-   ekit_heading_mobile-\"><h6 class=\"ekit-heading--title elementskit-section-title\">BLOG<\/h6><h1 class=\"ekit-heading--subtitle elementskit-section-subtitle\">\n\t\t\t\t\t\tConoce nuestras actualizaciones y el impacto de nuestros proyectos.\n\t\t\t\t\t<\/h1><\/div><\/div>\t\t\t\t<\/div>\n\t\t\t\t<\/div>\n\t\t\t\t<\/div>\n\t\t\t\t\t<\/div>\n\t\t\t\t<\/div>\n\t\t\t\t<\/div>\n\t\t<div class=\"elementor-element elementor-element-4f4f9f72 e-flex e-con-boxed e-con e-parent\" data-id=\"4f4f9f72\" data-element_type=\"container\">\n\t\t\t\t\t<div class=\"e-con-inner\">\n\t\t\t\t<div class=\"elementor-element elementor-element-4d8a5801 elementor-widget__width-initial elementor-search-form--skin-classic elementor-search-form--button-type-icon elementor-search-form--icon-search elementor-widget elementor-widget-search-form\" data-id=\"4d8a5801\" data-element_type=\"widget\" data-settings=\"{&quot;skin&quot;:&quot;classic&quot;,&quot;ekit_we_effect_on&quot;:&quot;none&quot;}\" data-widget_type=\"search-form.default\">\n\t\t\t\t<div class=\"elementor-widget-container\">\n\t\t\t\t\t\t\t<search role=\"search\">\n\t\t\t<form class=\"elementor-search-form\" action=\"https:\/\/turismocuida.org\/en\/\" method=\"get\" data-trp-original-action=\"https:\/\/turismocuida.org\/en\">\n\t\t\t\t\t\t\t\t\t\t\t\t<div class=\"elementor-search-form__container\">\n\t\t\t\t\t<label class=\"elementor-screen-only\" for=\"elementor-search-form-4d8a5801\">Search<\/label>\n\n\t\t\t\t\t\n\t\t\t\t\t<input id=\"elementor-search-form-4d8a5801\" placeholder=\"Buscar...\" class=\"elementor-search-form__input\" type=\"search\" name=\"s\" value=\"\">\n\t\t\t\t\t\n\t\t\t\t\t\t\t\t\t\t\t<button class=\"elementor-search-form__submit\" type=\"submit\" aria-label=\"Search\">\n\t\t\t\t\t\t\t\t\t\t\t\t\t\t\t<i aria-hidden=\"true\" class=\"fas fa-search\"><\/i>\t\t\t\t\t\t\t\t\t\t\t\t\t<\/button>\n\t\t\t\t\t\n\t\t\t\t\t\t\t\t\t<\/div>\n\t\t\t<input type=\"hidden\" name=\"trp-form-language\" value=\"en\"\/><\/form>\n\t\t<\/search>\n\t\t\t\t\t\t<\/div>\n\t\t\t\t<\/div>\n\t\t\t\t\t<\/div>\n\t\t\t\t<\/div>\n\t\t<div class=\"elementor-element elementor-element-1c3b1c89 e-flex e-con-boxed e-con e-parent\" data-id=\"1c3b1c89\" data-element_type=\"container\">\n\t\t\t\t\t<div class=\"e-con-inner\">\n\t\t<div class=\"elementor-element elementor-element-1ccdbe4d e-con-full e-flex e-con e-child\" data-id=\"1ccdbe4d\" data-element_type=\"container\">\n\t\t<div class=\"elementor-element elementor-element-6a2c6336 e-con-full e-flex e-con e-child\" data-id=\"6a2c6336\" data-element_type=\"container\">\n\t\t\t\t<div class=\"elementor-element elementor-element-7b357d59 elementor-grid-3 elementor-grid-tablet-2 elementor-grid-mobile-1 elementor-posts--thumbnail-top elementor-widget elementor-widget-posts\" data-id=\"7b357d59\" data-element_type=\"widget\" data-settings=\"{&quot;classic_row_gap&quot;:{&quot;unit&quot;:&quot;px&quot;,&quot;size&quot;:50,&quot;sizes&quot;:[]},&quot;classic_columns&quot;:&quot;3&quot;,&quot;classic_columns_tablet&quot;:&quot;2&quot;,&quot;classic_columns_mobile&quot;:&quot;1&quot;,&quot;classic_row_gap_tablet&quot;:{&quot;unit&quot;:&quot;px&quot;,&quot;size&quot;:&quot;&quot;,&quot;sizes&quot;:[]},&quot;classic_row_gap_mobile&quot;:{&quot;unit&quot;:&quot;px&quot;,&quot;size&quot;:&quot;&quot;,&quot;sizes&quot;:[]},&quot;ekit_we_effect_on&quot;:&quot;none&quot;}\" data-widget_type=\"posts.classic\">\n\t\t\t\t<div class=\"elementor-widget-container\">\n\t\t\t\t\t\t\t<div class=\"elementor-posts-container elementor-posts elementor-posts--skin-classic elementor-grid\" role=\"list\">\n\t\t\t\t<article class=\"elementor-post elementor-grid-item post-12272 post type-post status-publish format-standard hentry category-patrimonio-cultural\" role=\"listitem\">\n\t\t\t\t<div class=\"elementor-post__text\">\n\t\t\t\t<h3 class=\"elementor-post__title\">\n\t\t\t<a href=\"https:\/\/turismocuida.org\/en\/turismocuida-entrega-350mil-soles-para-desarrollo-de-proyectos-culturales\/\" >\n\t\t\t\tTurismoCuida entrega 350mil soles para desarrollo de proyectos culturales\t\t\t<\/a>\n\t\t<\/h3>\n\t\t\t\t<div class=\"elementor-post__meta-data\">\n\t\t\t\t\t<span class=\"elementor-post-date\">\n\t\t\tSeptember 24, 2015\t\t<\/span>\n\t\t\t\t<\/div>\n\t\t\t\t<div class=\"elementor-post__excerpt\">\n\t\t\t<p>TurismoCuida, asociaci\u00f3n sin fines de lucro nacida en el 2012 y conformada por empresas l\u00edderes del sector turismo en el Per\u00fa, viene patrocinando iniciativas de turismo sostenible en nuestro pa\u00eds.<\/p>\n\t\t<\/div>\n\t\t\n\t\t<a class=\"elementor-post__read-more\" href=\"https:\/\/turismocuida.org\/en\/turismocuida-entrega-350mil-soles-para-desarrollo-de-proyectos-culturales\/\" aria-label=\"Read more about TurismoCuida entrega 350mil soles para desarrollo de proyectos culturales\" tabindex=\"-1\" >\n\t\t\tLeer m\u00e1s \u00bb\t\t<\/a>\n\n\t\t\t\t<\/div>\n\t\t\t\t<\/article>\n\t\t\t\t<article class=\"elementor-post elementor-grid-item post-12258 post type-post status-publish format-standard hentry category-patrimonio-cultural\" role=\"listitem\">\n\t\t\t\t<div class=\"elementor-post__text\">\n\t\t\t\t<h3 class=\"elementor-post__title\">\n\t\t\t<a href=\"https:\/\/turismocuida.org\/en\/extendemos-la-fecha-de-entrega-de-proyectos-al-26-de-junio\/\" >\n\t\t\t\tExtendemos la fecha de entrega de Proyectos al 26 de Junio\t\t\t<\/a>\n\t\t<\/h3>\n\t\t\t\t<div class=\"elementor-post__meta-data\">\n\t\t\t\t\t<span class=\"elementor-post-date\">\n\t\t\tMay 29, 2015\t\t<\/span>\n\t\t\t\t<\/div>\n\t\t\t\t<div class=\"elementor-post__excerpt\">\n\t\t\t<p>Nos es grato informar a la comunidad en general, \u00a0que<\/p>\n\t\t<\/div>\n\t\t\n\t\t<a class=\"elementor-post__read-more\" href=\"https:\/\/turismocuida.org\/en\/extendemos-la-fecha-de-entrega-de-proyectos-al-26-de-junio\/\" aria-label=\"Read more about Extendemos la fecha de entrega de Proyectos al 26 de Junio\" tabindex=\"-1\" >\n\t\t\tLeer m\u00e1s \u00bb\t\t<\/a>\n\n\t\t\t\t<\/div>\n\t\t\t\t<\/article>\n\t\t\t\t<\/div>\n\t\t\n\t\t\t\t\t\t<\/div>\n\t\t\t\t<\/div>\n\t\t\t\t<\/div>\n\t\t\t\t<\/div>\n\t\t\t\t\t<\/div>\n\t\t\t\t<\/div>\n\t\t\t\t<\/div>","protected":false},"excerpt":{"rendered":"<p>BLOG Conoce nuestras actualizaciones y el impacto de nuestros proyectos.<\/p>","protected":false},"author":1,"featured_media":0,"parent":0,"menu_order":0,"comment_status":"closed","ping_status":"closed","template":"","meta":{"_acf_changed":false,"give_campaign_id":0,"inline_featured_image":false,"footnotes":""},"class_list":["post-31466","page","type-page","status-publish","hentry"],"acf":[],"aioseo_notices":[],"campaignId":"","_links":{"self":[{"href":"https:\/\/turismocuida.org\/en\/wp-json\/wp\/v2\/pages\/31466","targetHints":{"allow":["GET"]}}],"collection":[{"href":"https:\/\/turismocuida.org\/en\/wp-json\/wp\/v2\/pages"}],"about":[{"href":"https:\/\/turismocuida.org\/en\/wp-json\/wp\/v2\/types\/page"}],"author":[{"embeddable":true,"href":"https:\/\/turismocuida.org\/en\/wp-json\/wp\/v2\/users\/1"}],"replies":[{"embeddable":true,"href":"https:\/\/turismocuida.org\/en\/wp-json\/wp\/v2\/comments?post=31466"}],"version-history":[{"count":17,"href":"https:\/\/turismocuida.org\/en\/wp-json\/wp\/v2\/pages\/31466\/revisions"}],"predecessor-version":[{"id":37442,"href":"https:\/\/turismocuida.org\/en\/wp-json\/wp\/v2\/pages\/31466\/revisions\/37442"}],"wp:attachment":[{"href":"https:\/\/turismocuida.org\/en\/wp-json\/wp\/v2\/media?parent=31466"}],"curies":[{"name":"wp","href":"https:\/\/api.w.org\/{rel}","templated":true}]}}