{"id":32667,"date":"2024-07-07T06:04:19","date_gmt":"2024-07-07T06:04:19","guid":{"rendered":"https:\/\/turismocuida.org\/?page_id=32667"},"modified":"2025-03-19T00:22:18","modified_gmt":"2025-03-19T00:22:18","slug":"politica-de-privacidad","status":"publish","type":"page","link":"https:\/\/turismocuida.org\/en\/politica-de-privacidad\/","title":{"rendered":"Privacy Policy"},"content":{"rendered":"<div data-elementor-type=\"wp-page\" data-elementor-id=\"32667\" class=\"elementor elementor-32667\" data-elementor-post-type=\"page\">\n\t\t\t\t<div class=\"elementor-element elementor-element-4418013 e-con-full e-flex e-con e-parent\" data-id=\"4418013\" data-element_type=\"container\" data-settings=\"{&quot;background_background&quot;:&quot;classic&quot;}\">\n\t\t\t\t<\/div>\n\t\t<div class=\"elementor-element elementor-element-ace5412 e-con-full e-flex e-con e-parent\" data-id=\"ace5412\" data-element_type=\"container\" data-settings=\"{&quot;background_background&quot;:&quot;classic&quot;}\">\n\t\t\t\t<div class=\"elementor-element elementor-element-3a99a3a elementor-widget elementor-widget-elementskit-heading\" data-id=\"3a99a3a\" data-element_type=\"widget\" data-settings=\"{&quot;ekit_we_effect_on&quot;:&quot;css&quot;}\" data-widget_type=\"elementskit-heading.default\">\n\t\t\t\t<div class=\"elementor-widget-container\">\n\t\t\t\t\t<div class=\"ekit-wid-con\" ><div class=\"ekit-heading elementskit-section-title-wraper text_left   ekit_heading_tablet-   ekit_heading_mobile-\"><h1 class=\"ekit-heading--title elementskit-section-title\">Pol\u00edtica de Privacidad de Turismo Cuida<\/h1><\/div><\/div>\t\t\t\t<\/div>\n\t\t\t\t<\/div>\n\t\t\t\t<\/div>\n\t\t<div class=\"elementor-element elementor-element-04896bd e-con-full e-flex e-con e-parent\" data-id=\"04896bd\" data-element_type=\"container\">\n\t\t\t\t<div class=\"elementor-element elementor-element-1a21dc9 elementor-widget elementor-widget-text-editor\" data-id=\"1a21dc9\" data-element_type=\"widget\" data-settings=\"{&quot;ekit_we_effect_on&quot;:&quot;none&quot;}\" data-widget_type=\"text-editor.default\">\n\t\t\t\t<div class=\"elementor-widget-container\">\n\t\t\t\t\t\t\t\t\t<p>En Turismo Cuida, respetamos tu privacidad y nos comprometemos a proteger tus datos personales. Esta pol\u00edtica de privacidad describe c\u00f3mo recopilamos, utilizamos y protegemos la informaci\u00f3n que nos proporcionas a trav\u00e9s de nuestra p\u00e1gina web.<\/p><ol><li><strong>Informaci\u00f3n que Recopilamos<\/strong> Recopilamos diversos tipos de informaci\u00f3n para ofrecer y mejorar nuestros servicios:<\/li><\/ol><ul><li><strong>Informaci\u00f3n Personal:<\/strong> Nombre, direcci\u00f3n de correo electr\u00f3nico, n\u00famero de tel\u00e9fono, direcci\u00f3n f\u00edsica, informaci\u00f3n de pago.<\/li><li><strong>Informaci\u00f3n de Proyecto:<\/strong> Detalles de las solicitudes de proyectos, avances y resultados.<\/li><li><strong>Informaci\u00f3n de Membres\u00eda<\/strong>: Datos necesarios para procesar y gestionar membres\u00edas y voluntariados.<\/li><li><strong>Datos de Navegaci\u00f3n<\/strong>: Informaci\u00f3n sobre tu navegaci\u00f3n en nuestra web, incluyendo direcciones IP, cookies y tecnolog\u00edas similares.<\/li><\/ul><ol start=\"2\"><li><strong>Uso de la Informaci\u00f3n<\/strong> Utilizamos la informaci\u00f3n recopilada para:<\/li><\/ol><ul><li>Procesar donaciones y pagos.<\/li><li>Gestionar membres\u00edas y voluntariados.<\/li><li>Comunicarnos contigo acerca de nuestros proyectos, eventos y noticias.<\/li><li>Mejorar y personalizar tu experiencia en nuestra p\u00e1gina web.<\/li><li>Cumplir con obligaciones legales y reglamentarias.<\/li><\/ul><ol start=\"3\"><li><strong>Compartir Informaci\u00f3n<\/strong> No compartimos tu informaci\u00f3n personal con terceros, excepto en las siguientes circunstancias:<\/li><\/ol><ul><li><strong>Proveedores de Servicios<\/strong>: Podemos compartir informaci\u00f3n con terceros que nos ayudan a operar nuestro sitio web, realizar negocios y brindar servicios, siempre que estas partes acuerden mantener la confidencialidad de la informaci\u00f3n.<\/li><li><strong>Obligaciones Legales<\/strong>: Podemos divulgar informaci\u00f3n si as\u00ed lo requiere la ley o en respuesta a una solicitud de autoridades gubernamentales.<\/li><\/ul><ol start=\"4\"><li><strong>Seguridad de la Informaci\u00f3n<\/strong> Implementamos medidas de seguridad razonables para proteger tu informaci\u00f3n personal contra el acceso no autorizado, la alteraci\u00f3n, divulgaci\u00f3n o destrucci\u00f3n. Sin embargo, ten en cuenta que ning\u00fan m\u00e9todo de transmisi\u00f3n por Internet o almacenamiento electr\u00f3nico es 100% seguro.<\/li><\/ol><ol start=\"5\"><li><strong>Derechos del Usuario<\/strong> Tienes el derecho de:<\/li><\/ol><ul><li>Acceder, rectificar o eliminar tu informaci\u00f3n personal.<\/li><li>Oponerte al tratamiento de tus datos.<\/li><li>Solicitar la limitaci\u00f3n del uso de tus datos.<\/li><li>Retirar tu consentimiento en cualquier momento. Para ejercer estos derechos, cont\u00e1ctanos a trav\u00e9s de la informaci\u00f3n proporcionada al final de esta pol\u00edtica.<\/li><\/ul><ol start=\"6\"><li><strong>Uso de Cookies<\/strong> Utilizamos cookies y tecnolog\u00edas similares para mejorar tu experiencia en nuestra p\u00e1gina web, analizar el tr\u00e1fico y personalizar el contenido. Puedes configurar tu navegador para rechazar las cookies o para que te avise cuando se env\u00edan cookies. Sin embargo, si desactivas las cookies, es posible que algunas partes de nuestra web no funcionen correctamente.<\/li><\/ol><ol start=\"7\"><li><strong>Enlaces a Otros Sitios<\/strong> Web Nuestra p\u00e1gina web puede contener enlaces a otros sitios de inter\u00e9s. Sin embargo, una vez que hayas utilizado estos enlaces para salir de nuestro sitio, no tenemos control sobre el nuevo sitio web. Por lo tanto, no podemos ser responsables de la protecci\u00f3n y privacidad de cualquier informaci\u00f3n que proporciones mientras visitas dichos sitios, ya que estos no se rigen por esta pol\u00edtica de privacidad.<\/li><\/ol><ol start=\"8\"><li><strong>Modificaciones a la Pol\u00edtica de Privacidad<\/strong> Turismo Cuida se reserva el derecho de actualizar esta pol\u00edtica de privacidad en cualquier momento. Te notificaremos sobre cualquier cambio publicando la nueva pol\u00edtica en esta p\u00e1gina. Te recomendamos revisar esta pol\u00edtica peri\u00f3dicamente para estar informado sobre c\u00f3mo protegemos tu informaci\u00f3n.<\/li><\/ol><ol start=\"9\"><li><strong>Contacto<\/strong> Si tienes preguntas o inquietudes sobre esta pol\u00edtica de privacidad o el tratamiento de tus datos personales, cont\u00e1ctanos en:<\/li><\/ol><p>\u00a0\u00a0<br \/><span style=\"color: inherit; font-family: var(--e-global-typography-text-font-family); font-size: var(--font-size-paragraphs); font-weight: var(--e-global-typography-text-font-weight); letter-spacing: 0em; text-align: inherit;\">Correo electr\u00f3nico: [info@turismocuida.com]<br \/><\/span><\/p>\t\t\t\t\t\t\t\t<\/div>\n\t\t\t\t<\/div>\n\t\t\t\t<\/div>\n\t\t\t\t<\/div>","protected":false},"excerpt":{"rendered":"<p>Pol\u00edtica de Privacidad de Turismo Cuida En Turismo Cuida, respetamos tu privacidad y nos comprometemos a proteger tus datos personales. Esta pol\u00edtica de privacidad describe c\u00f3mo recopilamos, utilizamos y protegemos la informaci\u00f3n que nos proporcionas a trav\u00e9s de nuestra p\u00e1gina web. Informaci\u00f3n que Recopilamos Recopilamos diversos tipos de informaci\u00f3n para ofrecer y mejorar nuestros servicios: [&hellip;]<\/p>","protected":false},"author":1,"featured_media":0,"parent":0,"menu_order":0,"comment_status":"closed","ping_status":"closed","template":"","meta":{"_acf_changed":false,"give_campaign_id":0,"inline_featured_image":false,"footnotes":""},"class_list":["post-32667","page","type-page","status-publish","hentry"],"acf":[],"aioseo_notices":[],"campaignId":"","_links":{"self":[{"href":"https:\/\/turismocuida.org\/en\/wp-json\/wp\/v2\/pages\/32667","targetHints":{"allow":["GET"]}}],"collection":[{"href":"https:\/\/turismocuida.org\/en\/wp-json\/wp\/v2\/pages"}],"about":[{"href":"https:\/\/turismocuida.org\/en\/wp-json\/wp\/v2\/types\/page"}],"author":[{"embeddable":true,"href":"https:\/\/turismocuida.org\/en\/wp-json\/wp\/v2\/users\/1"}],"replies":[{"embeddable":true,"href":"https:\/\/turismocuida.org\/en\/wp-json\/wp\/v2\/comments?post=32667"}],"version-history":[{"count":19,"href":"https:\/\/turismocuida.org\/en\/wp-json\/wp\/v2\/pages\/32667\/revisions"}],"predecessor-version":[{"id":37261,"href":"https:\/\/turismocuida.org\/en\/wp-json\/wp\/v2\/pages\/32667\/revisions\/37261"}],"wp:attachment":[{"href":"https:\/\/turismocuida.org\/en\/wp-json\/wp\/v2\/media?parent=32667"}],"curies":[{"name":"wp","href":"https:\/\/api.w.org\/{rel}","templated":true}]}}