{"id":34422,"date":"2024-09-26T01:10:25","date_gmt":"2024-09-26T01:10:25","guid":{"rendered":"https:\/\/turismocuida.org\/?page_id=34422"},"modified":"2025-03-17T01:29:36","modified_gmt":"2025-03-17T01:29:36","slug":"noticias","status":"publish","type":"page","link":"https:\/\/turismocuida.org\/en\/noticias\/","title":{"rendered":"News"},"content":{"rendered":"<div data-elementor-type=\"wp-page\" data-elementor-id=\"34422\" class=\"elementor elementor-34422\" data-elementor-post-type=\"page\">\n\t\t\t\t<div data-ekitparallax=\"{&quot;ekit_section_parallax_bg&quot;:&quot;yes&quot;,&quot;ekit_section_parallax_bg_speed&quot;:0.3,&quot;elementor_lazy_load&quot;:&quot;1&quot;}\" class=\"elementor-element elementor-element-fb84e91 e-con-full e-flex e-con e-parent\" data-id=\"fb84e91\" data-element_type=\"container\" data-settings=\"{&quot;background_background&quot;:&quot;classic&quot;}\">\n\t\t\t\t<\/div>\n\t\t<div class=\"elementor-element elementor-element-109dd09 e-con-full e-flex e-con e-parent\" data-id=\"109dd09\" data-element_type=\"container\">\n\t\t<div class=\"elementor-element elementor-element-e6bd78d e-con-full e-flex e-con e-child\" data-id=\"e6bd78d\" data-element_type=\"container\">\n\t\t<div class=\"elementor-element elementor-element-f401871 e-flex e-con-boxed e-con e-child\" data-id=\"f401871\" data-element_type=\"container\">\n\t\t\t\t\t<div class=\"e-con-inner\">\n\t\t\t\t<div class=\"elementor-element elementor-element-3b5e805 elementor-widget elementor-widget-image\" data-id=\"3b5e805\" data-element_type=\"widget\" data-settings=\"{&quot;ekit_we_effect_on&quot;:&quot;none&quot;}\" data-widget_type=\"image.default\">\n\t\t\t\t<div class=\"elementor-widget-container\">\n\t\t\t\t\t\t\t\t\t\t\t\t\t\t\t<img fetchpriority=\"high\" decoding=\"async\" width=\"1024\" height=\"1024\" src=\"https:\/\/turismocuida.org\/wp-content\/uploads\/2024\/09\/TC_manosrosas.svg\" class=\"attachment-large size-large wp-image-34307\" alt=\"\" \/>\t\t\t\t\t\t\t\t\t\t\t\t\t\t\t<\/div>\n\t\t\t\t<\/div>\n\t\t\t\t<div class=\"elementor-element elementor-element-df500df elementor-widget__width-initial elementor-widget-mobile__width-inherit elementor-widget elementor-widget-text-editor\" data-id=\"df500df\" data-element_type=\"widget\" data-settings=\"{&quot;ekit_we_effect_on&quot;:&quot;none&quot;}\" data-widget_type=\"text-editor.default\">\n\t\t\t\t<div class=\"elementor-widget-container\">\n\t\t\t\t\t\t\t\t\t<p style=\"text-align: center;\">At Turismo Cuida, we invite you to connect with stories that inspire: our newsletter will keep you up to date on sustainable tourism projects that transform communities and preserve Peru\u2019s natural and cultural heritage. Become a member \nor volunteer and be part of the change to ensure a responsible, thriving future for tourism.<\/p>\t\t\t\t\t\t\t\t<\/div>\n\t\t\t\t<\/div>\n\t\t\t\t\t<\/div>\n\t\t\t\t<\/div>\n\t\t<div class=\"elementor-element elementor-element-06c3c18 e-con-full e-flex e-con e-child\" data-id=\"06c3c18\" data-element_type=\"container\" data-settings=\"{&quot;background_background&quot;:&quot;classic&quot;}\">\n\t\t<div class=\"elementor-element elementor-element-06fb07b e-con-full e-flex e-con e-child\" data-id=\"06fb07b\" data-element_type=\"container\" data-settings=\"{&quot;background_background&quot;:&quot;classic&quot;}\">\n\t\t<div class=\"elementor-element elementor-element-cd4ed79 e-con-full animated-fast e-flex elementor-invisible e-con e-child\" data-id=\"cd4ed79\" data-element_type=\"container\" data-settings=\"{&quot;animation&quot;:&quot;fadeInUp&quot;,&quot;animation_delay&quot;:200,&quot;background_background&quot;:&quot;classic&quot;}\">\n\t\t<div class=\"elementor-element elementor-element-bf6aeae e-con-full e-flex e-con e-child\" data-id=\"bf6aeae\" data-element_type=\"container\" data-settings=\"{&quot;background_background&quot;:&quot;classic&quot;}\">\n\t\t\t\t<div class=\"elementor-element elementor-element-2d29e0a elementor-widget__width-initial elementor-widget elementor-widget-heading\" data-id=\"2d29e0a\" data-element_type=\"widget\" data-settings=\"{&quot;ekit_we_effect_on&quot;:&quot;none&quot;}\" data-widget_type=\"heading.default\">\n\t\t\t\t<div class=\"elementor-widget-container\">\n\t\t\t\t\t<h2 class=\"elementor-heading-title elementor-size-default\">inspire\ncollaborate sustain<\/h2>\t\t\t\t<\/div>\n\t\t\t\t<\/div>\n\t\t\t\t<\/div>\n\t\t<div class=\"elementor-element elementor-element-15ba972 e-con-full e-flex e-con e-child\" data-id=\"15ba972\" data-element_type=\"container\">\n\t\t\t\t<\/div>\n\t\t\t\t<\/div>\n\t\t\t\t<\/div>\n\t\t\t\t<\/div>\n\t\t\t\t<\/div>\n\t\t\t\t<\/div>\n\t\t<div class=\"elementor-element elementor-element-88c6036 e-con-full noticia-box e-flex e-con e-parent\" data-id=\"88c6036\" data-element_type=\"container\" data-settings=\"{&quot;background_background&quot;:&quot;classic&quot;}\">\n\t\t<div class=\"elementor-element elementor-element-ba7001b e-con-full e-flex e-con e-child\" data-id=\"ba7001b\" data-element_type=\"container\">\n\t\t\t\t<div class=\"elementor-element elementor-element-f2b47d3 elementor-widget__width-auto elementor-widget elementor-widget-heading\" data-id=\"f2b47d3\" data-element_type=\"widget\" data-settings=\"{&quot;ekit_we_effect_on&quot;:&quot;none&quot;}\" data-widget_type=\"heading.default\">\n\t\t\t\t<div class=\"elementor-widget-container\">\n\t\t\t\t\t<h2 class=\"elementor-heading-title elementor-size-default\">Visit BMZ <br>\nand partners<\/h2>\t\t\t\t<\/div>\n\t\t\t\t<\/div>\n\t\t\t\t<div class=\"elementor-element elementor-element-ae3b595 elementor-widget__width-auto elementor-widget elementor-widget-heading\" data-id=\"ae3b595\" data-element_type=\"widget\" data-settings=\"{&quot;ekit_we_effect_on&quot;:&quot;none&quot;}\" data-widget_type=\"heading.default\">\n\t\t\t\t<div class=\"elementor-widget-container\">\n\t\t\t\t\t<h2 class=\"elementor-heading-title elementor-size-default\">December\/2024<\/h2>\t\t\t\t<\/div>\n\t\t\t\t<\/div>\n\t\t\t\t<\/div>\n\t\t<div class=\"elementor-element elementor-element-f0a392b e-con-full noticia-disc e-flex e-con e-child\" data-id=\"f0a392b\" data-element_type=\"container\">\n\t\t\t\t<div class=\"elementor-element elementor-element-8ecf4d5 elementor-widget elementor-widget-heading\" data-id=\"8ecf4d5\" data-element_type=\"widget\" data-settings=\"{&quot;ekit_we_effect_on&quot;:&quot;none&quot;}\" data-widget_type=\"heading.default\">\n\t\t\t\t<div class=\"elementor-widget-container\">\n\t\t\t\t\t<h2 class=\"elementor-heading-title elementor-size-default\">Turismo Cuida, together with our allies BMZ Germany, Prisma and KM Cero, visited Ollantaytambo and the community of Huilloc to strengthen the path towards a responsible and sustainable tourist destination. This collaboration is part of an agreement whose objective is to conserve and protect the valuable natural and cultural heritage of the region, generating a positive impact on the environment and the local community.<\/h2>\t\t\t\t<\/div>\n\t\t\t\t<\/div>\n\t\t\t\t<\/div>\n\t\t\t\t<\/div>\n\t\t<div class=\"elementor-element elementor-element-aa11cd9 e-con-full noticia-box e-flex e-con e-parent\" data-id=\"aa11cd9\" data-element_type=\"container\" data-settings=\"{&quot;background_background&quot;:&quot;classic&quot;,&quot;background_motion_fx_motion_fx_mouse&quot;:&quot;yes&quot;}\">\n\t\t<div class=\"elementor-element elementor-element-da2e728 e-con-full e-flex e-con e-child\" data-id=\"da2e728\" data-element_type=\"container\">\n\t\t\t\t<div class=\"elementor-element elementor-element-041f8ce elementor-widget__width-auto elementor-widget elementor-widget-heading\" data-id=\"041f8ce\" data-element_type=\"widget\" data-settings=\"{&quot;ekit_we_effect_on&quot;:&quot;none&quot;}\" data-widget_type=\"heading.default\">\n\t\t\t\t<div class=\"elementor-widget-container\">\n\t\t\t\t\t<h2 class=\"elementor-heading-title elementor-size-default\">Board of Directors <br>\u00a0\u00a0<\/h2>\t\t\t\t<\/div>\n\t\t\t\t<\/div>\n\t\t\t\t<div class=\"elementor-element elementor-element-b69a2ed elementor-widget__width-auto elementor-widget elementor-widget-heading\" data-id=\"b69a2ed\" data-element_type=\"widget\" data-settings=\"{&quot;ekit_we_effect_on&quot;:&quot;none&quot;}\" data-widget_type=\"heading.default\">\n\t\t\t\t<div class=\"elementor-widget-container\">\n\t\t\t\t\t<h2 class=\"elementor-heading-title elementor-size-default\">2024\/2026<\/h2>\t\t\t\t<\/div>\n\t\t\t\t<\/div>\n\t\t\t\t<\/div>\n\t\t<div class=\"elementor-element elementor-element-0399df6 e-con-full noticia-disc animated-slow e-flex e-con e-child\" data-id=\"0399df6\" data-element_type=\"container\" data-settings=\"{&quot;background_background&quot;:&quot;classic&quot;,&quot;animation&quot;:&quot;none&quot;}\">\n\t\t\t\t<div class=\"elementor-element elementor-element-ed012f6 elementor-widget elementor-widget-heading\" data-id=\"ed012f6\" data-element_type=\"widget\" data-settings=\"{&quot;ekit_we_effect_on&quot;:&quot;none&quot;}\" data-widget_type=\"heading.default\">\n\t\t\t\t<div class=\"elementor-widget-container\">\n\t\t\t\t\t<h2 class=\"elementor-heading-title elementor-size-default\">We are pleased to announce the renewal of our Board of Directors for the period 2024-2026, an important step in further advancing our mission to promote sustainable tourism.<br>\nThe changes in our organization are an opportunity to include more members in management positions, and reaffirm our commitment to sustainability and responsible tourism development in Peru.<br>\nThe new Board of Directors will continue to work with the same passion and dedication to carry out projects that benefit both the environment and local communities.<\/h2>\t\t\t\t<\/div>\n\t\t\t\t<\/div>\n\t\t\t\t<\/div>\n\t\t\t\t<\/div>\n\t\t<div class=\"elementor-element elementor-element-f305f67 e-con-full e-flex e-con e-parent\" data-id=\"f305f67\" data-element_type=\"container\" data-settings=\"{&quot;background_background&quot;:&quot;classic&quot;,&quot;background_motion_fx_motion_fx_mouse&quot;:&quot;yes&quot;}\">\n\t\t<div class=\"elementor-element elementor-element-9c8cced e-con-full noticia-3-box e-flex e-con e-child\" data-id=\"9c8cced\" data-element_type=\"container\" data-settings=\"{&quot;background_background&quot;:&quot;classic&quot;}\">\n\t\t\t\t<div class=\"elementor-element elementor-element-5bea3e6 elementor-widget__width-auto noticia-titulo elementor-widget elementor-widget-heading\" data-id=\"5bea3e6\" data-element_type=\"widget\" data-settings=\"{&quot;ekit_we_effect_on&quot;:&quot;none&quot;}\" data-widget_type=\"heading.default\">\n\t\t\t\t<div class=\"elementor-widget-container\">\n\t\t\t\t\t<h2 class=\"elementor-heading-title elementor-size-default\">An unforgettable day for the children of Huilloc<\/h2>\t\t\t\t<\/div>\n\t\t\t\t<\/div>\n\t\t\t\t<div class=\"elementor-element elementor-element-91448e9 elementor-widget__width-auto noticia-titulo elementor-widget elementor-widget-heading\" data-id=\"91448e9\" data-element_type=\"widget\" data-settings=\"{&quot;ekit_we_effect_on&quot;:&quot;none&quot;}\" data-widget_type=\"heading.default\">\n\t\t\t\t<div class=\"elementor-widget-container\">\n\t\t\t\t\t<h2 class=\"elementor-heading-title elementor-size-default\">November\/2024<\/h2>\t\t\t\t<\/div>\n\t\t\t\t<\/div>\n\t\t\t\t<div class=\"elementor-element elementor-element-3da2552 noticia-disc e-transform elementor-widget__width-initial elementor-widget elementor-widget-heading\" data-id=\"3da2552\" data-element_type=\"widget\" data-settings=\"{&quot;_transform_translateY_effect&quot;:{&quot;unit&quot;:&quot;px&quot;,&quot;size&quot;:-200,&quot;sizes&quot;:[]},&quot;_animation&quot;:&quot;none&quot;,&quot;ekit_we_effect_on&quot;:&quot;none&quot;,&quot;_transform_translateX_effect&quot;:{&quot;unit&quot;:&quot;px&quot;,&quot;size&quot;:&quot;&quot;,&quot;sizes&quot;:[]},&quot;_transform_translateX_effect_tablet&quot;:{&quot;unit&quot;:&quot;px&quot;,&quot;size&quot;:&quot;&quot;,&quot;sizes&quot;:[]},&quot;_transform_translateX_effect_mobile&quot;:{&quot;unit&quot;:&quot;px&quot;,&quot;size&quot;:&quot;&quot;,&quot;sizes&quot;:[]},&quot;_transform_translateY_effect_tablet&quot;:{&quot;unit&quot;:&quot;px&quot;,&quot;size&quot;:&quot;&quot;,&quot;sizes&quot;:[]},&quot;_transform_translateY_effect_mobile&quot;:{&quot;unit&quot;:&quot;px&quot;,&quot;size&quot;:&quot;&quot;,&quot;sizes&quot;:[]}}\" data-widget_type=\"heading.default\">\n\t\t\t\t<div class=\"elementor-widget-container\">\n\t\t\t\t\t<h2 class=\"elementor-heading-title elementor-size-default\">Turismo Cuida organized a cultural visit for 20 6th grade children from the elementary school of the Andean community of Huilloc.<br>\nThe tour included the salt mines of Maras, the mural village of Pachar, lunch at the restaurant of the Museo de Cultura Viva de Yucay, and a playful experience at the Totemiq Cultural Workshop in Cusco.<\/h2>\t\t\t\t<\/div>\n\t\t\t\t<\/div>\n\t\t\t\t<\/div>\n\t\t\t\t<\/div>\n\t\t<div class=\"elementor-element elementor-element-a79dfc7 e-con-full e-flex e-con e-parent\" data-id=\"a79dfc7\" data-element_type=\"container\" data-settings=\"{&quot;background_background&quot;:&quot;classic&quot;,&quot;background_motion_fx_motion_fx_mouse&quot;:&quot;yes&quot;}\">\n\t\t<div class=\"elementor-element elementor-element-429ece8 e-con-full noticia-4-box e-flex e-con e-child\" data-id=\"429ece8\" data-element_type=\"container\" data-settings=\"{&quot;background_background&quot;:&quot;classic&quot;}\">\n\t\t\t\t<div class=\"elementor-element elementor-element-eb0fe01 elementor-widget__width-auto noticia-titulo elementor-widget elementor-widget-heading\" data-id=\"eb0fe01\" data-element_type=\"widget\" data-settings=\"{&quot;ekit_we_effect_on&quot;:&quot;none&quot;}\" data-widget_type=\"heading.default\">\n\t\t\t\t<div class=\"elementor-widget-container\">\n\t\t\t\t\t<h2 class=\"elementor-heading-title elementor-size-default\">Inauguration<br>\nThe Marsuy<\/h2>\t\t\t\t<\/div>\n\t\t\t\t<\/div>\n\t\t\t\t<div class=\"elementor-element elementor-element-09d2734 elementor-widget__width-auto noticia-titulo elementor-widget elementor-widget-heading\" data-id=\"09d2734\" data-element_type=\"widget\" data-settings=\"{&quot;ekit_we_effect_on&quot;:&quot;none&quot;}\" data-widget_type=\"heading.default\">\n\t\t\t\t<div class=\"elementor-widget-container\">\n\t\t\t\t\t<h2 class=\"elementor-heading-title elementor-size-default\">November\/2024<\/h2>\t\t\t\t<\/div>\n\t\t\t\t<\/div>\n\t\t\t\t<div class=\"elementor-element elementor-element-62f5490 noticia-disc e-transform elementor-widget elementor-widget-heading\" data-id=\"62f5490\" data-element_type=\"widget\" data-settings=\"{&quot;_transform_translateY_effect&quot;:{&quot;unit&quot;:&quot;px&quot;,&quot;size&quot;:-150,&quot;sizes&quot;:[]},&quot;ekit_we_effect_on&quot;:&quot;none&quot;,&quot;_transform_translateX_effect&quot;:{&quot;unit&quot;:&quot;px&quot;,&quot;size&quot;:&quot;&quot;,&quot;sizes&quot;:[]},&quot;_transform_translateX_effect_tablet&quot;:{&quot;unit&quot;:&quot;px&quot;,&quot;size&quot;:&quot;&quot;,&quot;sizes&quot;:[]},&quot;_transform_translateX_effect_mobile&quot;:{&quot;unit&quot;:&quot;px&quot;,&quot;size&quot;:&quot;&quot;,&quot;sizes&quot;:[]},&quot;_transform_translateY_effect_tablet&quot;:{&quot;unit&quot;:&quot;px&quot;,&quot;size&quot;:&quot;&quot;,&quot;sizes&quot;:[]},&quot;_transform_translateY_effect_mobile&quot;:{&quot;unit&quot;:&quot;px&quot;,&quot;size&quot;:&quot;&quot;,&quot;sizes&quot;:[]}}\" data-widget_type=\"heading.default\">\n\t\t\t\t<div class=\"elementor-widget-container\">\n\t\t\t\t\t<h2 class=\"elementor-heading-title elementor-size-default\">\"El Marsuy\", a unique space for the exhibition and sale of textile products made by the talented artisans of five Ollanta communities: Quellccancca, Yanamayo, Huilloc, Rumira-Sondormayo and Patacancha. Thanks to the program Somos Artesan\u00eda, Modality 2, TUI Care Foundation and Turismo Cuida.<\/h2>\t\t\t\t<\/div>\n\t\t\t\t<\/div>\n\t\t\t\t<\/div>\n\t\t\t\t<\/div>\n\t\t\t\t<\/div>","protected":false},"excerpt":{"rendered":"<p>En Turismo Cuida, te invitamos a conectarte con historias que inspiran: nuestro bolet\u00edn te mantendr\u00e1 al d\u00eda con proyectos de turismo sostenible que transforman comunidades y preservan el patrimonio natural de Per\u00fa. \u00danete como miembro o voluntario y s\u00e9 parte del cambio hacia un futuro tur\u00edstico responsable y pr\u00f3spero. inspirar colaborar sostener Visita BMZ y [&hellip;]<\/p>","protected":false},"author":1,"featured_media":0,"parent":0,"menu_order":0,"comment_status":"closed","ping_status":"closed","template":"","meta":{"_acf_changed":false,"give_campaign_id":0,"inline_featured_image":false,"footnotes":""},"class_list":["post-34422","page","type-page","status-publish","hentry"],"acf":[],"aioseo_notices":[],"campaignId":"","_links":{"self":[{"href":"https:\/\/turismocuida.org\/en\/wp-json\/wp\/v2\/pages\/34422","targetHints":{"allow":["GET"]}}],"collection":[{"href":"https:\/\/turismocuida.org\/en\/wp-json\/wp\/v2\/pages"}],"about":[{"href":"https:\/\/turismocuida.org\/en\/wp-json\/wp\/v2\/types\/page"}],"author":[{"embeddable":true,"href":"https:\/\/turismocuida.org\/en\/wp-json\/wp\/v2\/users\/1"}],"replies":[{"embeddable":true,"href":"https:\/\/turismocuida.org\/en\/wp-json\/wp\/v2\/comments?post=34422"}],"version-history":[{"count":309,"href":"https:\/\/turismocuida.org\/en\/wp-json\/wp\/v2\/pages\/34422\/revisions"}],"predecessor-version":[{"id":36981,"href":"https:\/\/turismocuida.org\/en\/wp-json\/wp\/v2\/pages\/34422\/revisions\/36981"}],"wp:attachment":[{"href":"https:\/\/turismocuida.org\/en\/wp-json\/wp\/v2\/media?parent=34422"}],"curies":[{"name":"wp","href":"https:\/\/api.w.org\/{rel}","templated":true}]}}